{"id":400,"date":"2020-05-26T11:02:59","date_gmt":"2020-05-26T10:02:59","guid":{"rendered":"https:\/\/chafiras.com\/inspiracion\/?page_id=400"},"modified":"2020-05-26T11:03:00","modified_gmt":"2020-05-26T10:03:00","slug":"politica-de-cookies","status":"publish","type":"page","link":"https:\/\/chafiras.com\/inspiracion\/politica-de-cookies\/","title":{"rendered":"Pol\u00edtica de cookies"},"content":{"rendered":"<div class=\"cli_pg_page_contaner\">\n<h3>Sobre las cookies<\/h3>\n<div>Chafiras Inspiraci\u00f3n, el blog, utiliza cookies para facilitar el uso de nuestra p\u00e1gina web. Las cookies son peque\u00f1os ficheros de informaci\u00f3n que nos permiten comparar y entender c\u00f3mo nuestros usuarios navegan a trav\u00e9s de nuestra p\u00e1gina web, y de esta manera poder mejorar consecuentemente el proceso de navegaci\u00f3n.<\/div>\n<div><\/div>\n<div>Las cookies que utilizamos no almacenan dato personal alguno, ni ning\u00fan tipo de informaci\u00f3n que pueda identificarle.En caso de no querer recibir cookies, por favor configure su navegador de Internet para que las borre del disco duro de su ordenador, las bloquee o le avise en caso de instalaci\u00f3n de las mismas.<\/div>\n<div>Para continuar sin cambios en la configuraci\u00f3n de las cookies, simplemente contin\u00fae en la p\u00e1gina web.<\/div>\n<div>Puedes obtener m\u00e1s informaci\u00f3n sobre las cookies y su uso en www.aboutcookies.org.<\/div>\n<div><\/div>\n<div>Los tipos de cookies que utilizamos son estrictamente necesarias para el correcto uso de la p\u00e1gina web, permitiendo el acceso a secciones que cuentan con filtros de seguridad. Sin estas cookies, muchos de los servicios disponibles no estar\u00edan operativos.<\/div>\n<div>Cookies t\u00e9cnicas: Son aquellas necesarias para que el blog pueda funcionar de manera \u00f3ptima y correcta.<\/div>\n<div>Cookies de personalizaci\u00f3n: Son aquellas cookies que nos permiten adaptar los contenidos del blog a las preferencias de lectura y\/o consumo del visitante.<\/div>\n<div>Cookies de an\u00e1lisis: son aquellas que bien tratadas por nosotros o por terceros, nos permiten cuantificar el n\u00famero de usuarios y as\u00ed realizar la medici\u00f3n y an\u00e1lisis estad\u00edstico de la utilizaci\u00f3n que hacen los usuarios del servicio ofertado. Para ello se analiza su navegaci\u00f3n en nuestra p\u00e1gina web con el fin de mejorar la oferta de productos o servicios que le ofrecemos.<\/div>\n<div>Cookies de terceros: El blog de CHAFIRAS INSPIRACI\u00d3N puede utilizar servicios de terceros que, por cuenta de CHAFIRAS, recopilar\u00e1n informaci\u00f3n con fines estad\u00edsticos, de uso del Site por parte del usuario y para la prestaci\u00f3n de otros servicios relacionados con la actividad del Website y otros servicios de Internet.<\/div>\n<div>En particular, este sitio Web utiliza Google Analytics, un servicio anal\u00edtico de web prestado por Google, Inc. con domicilio en los Estados Unidos, con sede central en 1600 Amphitheatre Parkway, Mountain View, California 94043.<\/div>\n<div>Para la prestaci\u00f3n de estos servicios, estos utilizan cookies que recopilan la informaci\u00f3n, incluida la direcci\u00f3n IP an\u00f3nima del usuario, que ser\u00e1 transmitida, tratada y almacenada por Google en los t\u00e9rminos fijados en la Web Google.com. Incluyendo la posible transmisi\u00f3n de dicha informaci\u00f3n a terceros por razones de exigencia legal o cuando dichos terceros procesen la informaci\u00f3n por cuenta de Google.<\/div>\n<div><\/div>\n<div>El usuario acepta expresamente, por la utilizaci\u00f3n de este Site, el tratamiento de la informaci\u00f3n recabada en la forma y con los fines anteriormente mencionados.Asimismo reconoce conocer la posibilidad de rechazar el tratamiento de tales datos o informaci\u00f3n rechazando el uso de Cookies mediante la selecci\u00f3n de la configuraci\u00f3n apropiada a tal fin en su navegador. Si bien esta opci\u00f3n de bloqueo de Cookies en su navegador puede no permitirle el uso pleno de todas las funcionalidades del Website.<\/div>\n<div><\/div>\n<div>Usted puede, bloquear o eliminar las cookies instaladas en su equipo mediante la configuraci\u00f3n de las opciones del navegador instalado en su ordenador:<\/div>\n<div>Chrome<\/div>\n<div>Explorer<\/div>\n<div>Firefox<\/div>\n<div>Safari<\/div>\n<div><\/div>\n<div>Tu consentimiento es aplicable al siguiente dominio: chafiras.com\/inspiracion<\/div>\n<div><\/div>\n<div>[user_consent_state]<\/div>\n<\/div>\n","protected":false},"excerpt":{"rendered":"<p>Sobre las cookies Chafiras Inspiraci\u00f3n, el blog, utiliza cookies para facilitar el uso de nuestra p\u00e1gina web. Las cookies son peque\u00f1os ficheros de informaci\u00f3n que nos permiten comparar y entender c\u00f3mo nuestros usuarios navegan a trav\u00e9s de nuestra p\u00e1gina web, y de esta manera poder mejorar consecuentemente el proceso de navegaci\u00f3n. Las cookies que utilizamos [&hellip;]<\/p>\n","protected":false},"author":1,"featured_media":0,"parent":0,"menu_order":0,"comment_status":"closed","ping_status":"closed","template":"","meta":{"_exactmetrics_skip_tracking":false,"_exactmetrics_sitenote_active":false,"_exactmetrics_sitenote_note":"","_exactmetrics_sitenote_category":0,"footnotes":""},"yoast_head":"<!-- This site is optimized with the Yoast SEO plugin v23.0 - https:\/\/yoast.com\/wordpress\/plugins\/seo\/ -->\n<title>Pol\u00edtica de cookies - Insp\u00edrtate en Chafiras<\/title>\n<meta name=\"description\" content=\"Construye recuerdos, regala momentos, insp\u00edrate: Hoy te contamos sobrePol\u00edtica de cookies\" \/>\n<meta name=\"robots\" content=\"index, follow, max-snippet:-1, max-image-preview:large, max-video-preview:-1\" \/>\n<link rel=\"canonical\" href=\"https:\/\/chafiras.com\/inspiracion\/politica-de-cookies\/\" \/>\n<meta property=\"og:locale\" content=\"es_ES\" \/>\n<meta property=\"og:type\" content=\"article\" \/>\n<meta property=\"og:title\" content=\"Pol\u00edtica de cookies - Insp\u00edrtate en Chafiras\" \/>\n<meta property=\"og:description\" content=\"Construye recuerdos, regala momentos, insp\u00edrate: Hoy te contamos sobrePol\u00edtica de cookies\" \/>\n<meta property=\"og:url\" content=\"https:\/\/chafiras.com\/inspiracion\/politica-de-cookies\/\" \/>\n<meta property=\"og:site_name\" content=\"Inspiraci\u00f3n para llevarte nuestra experiencia a casa\" \/>\n<meta property=\"article:publisher\" content=\"https:\/\/www.facebook.com\/chafirasoficial\/\" \/>\n<meta property=\"article:modified_time\" content=\"2020-05-26T10:03:00+00:00\" \/>\n<meta name=\"twitter:card\" content=\"summary_large_image\" \/>\n<meta name=\"twitter:label1\" content=\"Tiempo de lectura\" \/>\n\t<meta name=\"twitter:data1\" content=\"3 minutos\" \/>\n<script type=\"application\/ld+json\" class=\"yoast-schema-graph\">{\"@context\":\"https:\/\/schema.org\",\"@graph\":[{\"@type\":\"WebPage\",\"@id\":\"https:\/\/chafiras.com\/inspiracion\/politica-de-cookies\/\",\"url\":\"https:\/\/chafiras.com\/inspiracion\/politica-de-cookies\/\",\"name\":\"Pol\u00edtica de cookies - Insp\u00edrtate en Chafiras\",\"isPartOf\":{\"@id\":\"https:\/\/chafiras.com\/inspiracion\/#website\"},\"datePublished\":\"2020-05-26T10:02:59+00:00\",\"dateModified\":\"2020-05-26T10:03:00+00:00\",\"description\":\"Construye recuerdos, regala momentos, insp\u00edrate: Hoy te contamos sobrePol\u00edtica de cookies\",\"breadcrumb\":{\"@id\":\"https:\/\/chafiras.com\/inspiracion\/politica-de-cookies\/#breadcrumb\"},\"inLanguage\":\"es\",\"potentialAction\":[{\"@type\":\"ReadAction\",\"target\":[\"https:\/\/chafiras.com\/inspiracion\/politica-de-cookies\/\"]}]},{\"@type\":\"BreadcrumbList\",\"@id\":\"https:\/\/chafiras.com\/inspiracion\/politica-de-cookies\/#breadcrumb\",\"itemListElement\":[{\"@type\":\"ListItem\",\"position\":1,\"name\":\"Chafiras\",\"item\":\"https:\/\/chafiras.com\/inspiracion\/\"},{\"@type\":\"ListItem\",\"position\":2,\"name\":\"Pol\u00edtica de cookies\"}]},{\"@type\":\"WebSite\",\"@id\":\"https:\/\/chafiras.com\/inspiracion\/#website\",\"url\":\"https:\/\/chafiras.com\/inspiracion\/\",\"name\":\"Inspiraci\u00f3n para llevarte nuestra experiencia a casa\",\"description\":\"Herramientas para tu d\u00eda a d\u00eda\",\"publisher\":{\"@id\":\"https:\/\/chafiras.com\/inspiracion\/#organization\"},\"potentialAction\":[{\"@type\":\"SearchAction\",\"target\":{\"@type\":\"EntryPoint\",\"urlTemplate\":\"https:\/\/chafiras.com\/inspiracion\/?s={search_term_string}\"},\"query-input\":\"required name=search_term_string\"}],\"inLanguage\":\"es\"},{\"@type\":\"Organization\",\"@id\":\"https:\/\/chafiras.com\/inspiracion\/#organization\",\"name\":\"Las Chafiras, S.A.\",\"url\":\"https:\/\/chafiras.com\/inspiracion\/\",\"logo\":{\"@type\":\"ImageObject\",\"inLanguage\":\"es\",\"@id\":\"https:\/\/chafiras.com\/inspiracion\/#\/schema\/logo\/image\/\",\"url\":\"https:\/\/chafiras.com\/inspiracion\/wp-content\/uploads\/2020\/02\/LOGO-CHAFIRAS_CORRECTO.png\",\"contentUrl\":\"https:\/\/chafiras.com\/inspiracion\/wp-content\/uploads\/2020\/02\/LOGO-CHAFIRAS_CORRECTO.png\",\"width\":774,\"height\":250,\"caption\":\"Las Chafiras, S.A.\"},\"image\":{\"@id\":\"https:\/\/chafiras.com\/inspiracion\/#\/schema\/logo\/image\/\"},\"sameAs\":[\"https:\/\/www.facebook.com\/chafirasoficial\/\",\"https:\/\/www.instagram.com\/chafirasoficial\/\",\"https:\/\/www.linkedin.com\/company\/chafirasoficial\/\"]}]}<\/script>\n<!-- \/ Yoast SEO plugin. -->","yoast_head_json":{"title":"Pol\u00edtica de cookies - Insp\u00edrtate en Chafiras","description":"Construye recuerdos, regala momentos, insp\u00edrate: Hoy te contamos sobrePol\u00edtica de cookies","robots":{"index":"index","follow":"follow","max-snippet":"max-snippet:-1","max-image-preview":"max-image-preview:large","max-video-preview":"max-video-preview:-1"},"canonical":"https:\/\/chafiras.com\/inspiracion\/politica-de-cookies\/","og_locale":"es_ES","og_type":"article","og_title":"Pol\u00edtica de cookies - Insp\u00edrtate en Chafiras","og_description":"Construye recuerdos, regala momentos, insp\u00edrate: Hoy te contamos sobrePol\u00edtica de cookies","og_url":"https:\/\/chafiras.com\/inspiracion\/politica-de-cookies\/","og_site_name":"Inspiraci\u00f3n para llevarte nuestra experiencia a casa","article_publisher":"https:\/\/www.facebook.com\/chafirasoficial\/","article_modified_time":"2020-05-26T10:03:00+00:00","twitter_card":"summary_large_image","twitter_misc":{"Tiempo de lectura":"3 minutos"},"schema":{"@context":"https:\/\/schema.org","@graph":[{"@type":"WebPage","@id":"https:\/\/chafiras.com\/inspiracion\/politica-de-cookies\/","url":"https:\/\/chafiras.com\/inspiracion\/politica-de-cookies\/","name":"Pol\u00edtica de cookies - Insp\u00edrtate en Chafiras","isPartOf":{"@id":"https:\/\/chafiras.com\/inspiracion\/#website"},"datePublished":"2020-05-26T10:02:59+00:00","dateModified":"2020-05-26T10:03:00+00:00","description":"Construye recuerdos, regala momentos, insp\u00edrate: Hoy te contamos sobrePol\u00edtica de cookies","breadcrumb":{"@id":"https:\/\/chafiras.com\/inspiracion\/politica-de-cookies\/#breadcrumb"},"inLanguage":"es","potentialAction":[{"@type":"ReadAction","target":["https:\/\/chafiras.com\/inspiracion\/politica-de-cookies\/"]}]},{"@type":"BreadcrumbList","@id":"https:\/\/chafiras.com\/inspiracion\/politica-de-cookies\/#breadcrumb","itemListElement":[{"@type":"ListItem","position":1,"name":"Chafiras","item":"https:\/\/chafiras.com\/inspiracion\/"},{"@type":"ListItem","position":2,"name":"Pol\u00edtica de cookies"}]},{"@type":"WebSite","@id":"https:\/\/chafiras.com\/inspiracion\/#website","url":"https:\/\/chafiras.com\/inspiracion\/","name":"Inspiraci\u00f3n para llevarte nuestra experiencia a casa","description":"Herramientas para tu d\u00eda a d\u00eda","publisher":{"@id":"https:\/\/chafiras.com\/inspiracion\/#organization"},"potentialAction":[{"@type":"SearchAction","target":{"@type":"EntryPoint","urlTemplate":"https:\/\/chafiras.com\/inspiracion\/?s={search_term_string}"},"query-input":"required name=search_term_string"}],"inLanguage":"es"},{"@type":"Organization","@id":"https:\/\/chafiras.com\/inspiracion\/#organization","name":"Las Chafiras, S.A.","url":"https:\/\/chafiras.com\/inspiracion\/","logo":{"@type":"ImageObject","inLanguage":"es","@id":"https:\/\/chafiras.com\/inspiracion\/#\/schema\/logo\/image\/","url":"https:\/\/chafiras.com\/inspiracion\/wp-content\/uploads\/2020\/02\/LOGO-CHAFIRAS_CORRECTO.png","contentUrl":"https:\/\/chafiras.com\/inspiracion\/wp-content\/uploads\/2020\/02\/LOGO-CHAFIRAS_CORRECTO.png","width":774,"height":250,"caption":"Las Chafiras, S.A."},"image":{"@id":"https:\/\/chafiras.com\/inspiracion\/#\/schema\/logo\/image\/"},"sameAs":["https:\/\/www.facebook.com\/chafirasoficial\/","https:\/\/www.instagram.com\/chafirasoficial\/","https:\/\/www.linkedin.com\/company\/chafirasoficial\/"]}]}},"_links":{"self":[{"href":"https:\/\/chafiras.com\/inspiracion\/wp-json\/wp\/v2\/pages\/400"}],"collection":[{"href":"https:\/\/chafiras.com\/inspiracion\/wp-json\/wp\/v2\/pages"}],"about":[{"href":"https:\/\/chafiras.com\/inspiracion\/wp-json\/wp\/v2\/types\/page"}],"author":[{"embeddable":true,"href":"https:\/\/chafiras.com\/inspiracion\/wp-json\/wp\/v2\/users\/1"}],"replies":[{"embeddable":true,"href":"https:\/\/chafiras.com\/inspiracion\/wp-json\/wp\/v2\/comments?post=400"}],"version-history":[{"count":3,"href":"https:\/\/chafiras.com\/inspiracion\/wp-json\/wp\/v2\/pages\/400\/revisions"}],"predecessor-version":[{"id":3701,"href":"https:\/\/chafiras.com\/inspiracion\/wp-json\/wp\/v2\/pages\/400\/revisions\/3701"}],"wp:attachment":[{"href":"https:\/\/chafiras.com\/inspiracion\/wp-json\/wp\/v2\/media?parent=400"}],"curies":[{"name":"wp","href":"https:\/\/api.w.org\/{rel}","templated":true}]}}